{"id":165,"date":"2025-08-27T12:10:22","date_gmt":"2025-08-27T12:10:22","guid":{"rendered":"https:\/\/paralelo.pt\/?page_id=165"},"modified":"2025-12-30T15:04:36","modified_gmt":"2025-12-30T15:04:36","slug":"encomendar","status":"publish","type":"page","link":"https:\/\/paralelo.pt\/index.php\/encomendar\/","title":{"rendered":"Encomendas"},"content":{"rendered":"<p>[et_pb_section fb_built=&#8221;1&#8243; _builder_version=&#8221;4.27.4&#8243; _module_preset=&#8221;default&#8221; background_color=&#8221;#FFF9F3&#8243; global_colors_info=&#8221;{}&#8221;][et_pb_row column_structure=&#8221;1_2,1_2&#8243; _builder_version=&#8221;4.27.2&#8243; _module_preset=&#8221;default&#8221; global_colors_info=&#8221;{}&#8221;][et_pb_column type=&#8221;1_2&#8243; _builder_version=&#8221;4.27.2&#8243; _module_preset=&#8221;default&#8221; global_colors_info=&#8221;{}&#8221;][et_pb_image src=&#8221;https:\/\/paralelo.pt\/wp-content\/uploads\/2025\/08\/Encomendas.jpeg&#8221; title_text=&#8221;Encomendas&#8221; _builder_version=&#8221;4.27.2&#8243; _module_preset=&#8221;default&#8221; global_colors_info=&#8221;{}&#8221;][\/et_pb_image][\/et_pb_column][et_pb_column type=&#8221;1_2&#8243; _builder_version=&#8221;4.27.2&#8243; _module_preset=&#8221;default&#8221; global_colors_info=&#8221;{}&#8221;][et_pb_text _builder_version=&#8221;4.27.4&#8243; _module_preset=&#8221;default&#8221; global_colors_info=&#8221;{}&#8221;]<\/p>\n<h2 style=\"text-align: center;\">Usufrua de todas as vantagens do mundo de clientes Paralelo!<\/h2>\n<p>[\/et_pb_text][et_pb_text _builder_version=&#8221;4.27.4&#8243; _module_preset=&#8221;default&#8221; global_colors_info=&#8221;{}&#8221;]<\/p>\n<p style=\"text-align: center;\">Como cliente Paralelo, quanto mais encomendar, mais ter\u00e1 a ganhar!<\/p>\n<p style=\"text-align: center;\">Por cada encomenda que fizer ir\u00e1 beneficiar de uma percentagem de desconto na primeira encomenda do m\u00eas seguinte.<\/p>\n<p style=\"text-align: center;\">\n<p style=\"text-align: center;\">25 latas &#8211; 5% de desconto<\/p>\n<p style=\"text-align: center;\">50 latas &#8211; 10% de desconto<\/p>\n<p style=\"text-align: center;\">100 latas &#8211; 15% de desconto<\/p>\n<p>[\/et_pb_text][\/et_pb_column][\/et_pb_row][et_pb_row _builder_version=&#8221;4.27.2&#8243; _module_preset=&#8221;default&#8221; global_colors_info=&#8221;{}&#8221;][et_pb_column type=&#8221;4_4&#8243; _builder_version=&#8221;4.27.2&#8243; _module_preset=&#8221;default&#8221; global_colors_info=&#8221;{}&#8221;][et_pb_image src=&#8221;https:\/\/paralelo.pt\/wp-content\/uploads\/2025\/12\/CLIENTE-PARALELO-WEBSITE-LAYOUT.png&#8221; title_text=&#8221;CLIENTE-PARALELO-WEBSITE-LAYOUT&#8221; align=&#8221;center&#8221; _builder_version=&#8221;4.27.4&#8243; _module_preset=&#8221;default&#8221; hover_enabled=&#8221;0&#8243; global_colors_info=&#8221;{}&#8221; sticky_enabled=&#8221;0&#8243;][\/et_pb_image][\/et_pb_column][\/et_pb_row][et_pb_row _builder_version=&#8221;4.27.2&#8243; _module_preset=&#8221;default&#8221; global_colors_info=&#8221;{}&#8221;][et_pb_column type=&#8221;4_4&#8243; _builder_version=&#8221;4.27.2&#8243; _module_preset=&#8221;default&#8221; global_colors_info=&#8221;{}&#8221;][et_pb_toggle title=&#8221;1. Como funciona a campanha?&#8221; toggle_icon=&#8221;&#x22;||divi||400&#8243; open_toggle_icon=&#8221;&#x21;||divi||400&#8243; _builder_version=&#8221;4.27.4&#8243; _module_preset=&#8221;default&#8221; global_colors_info=&#8221;{}&#8221;]<\/p>\n<p>Ao realizar uma compra como cliente Paralelo, o n\u00famero de latas que constar na sua encomenda ir\u00e1 contribuir para o desconto a obter na primeira encomenda do m\u00eas seguinte.<\/p>\n<p>[\/et_pb_toggle][et_pb_toggle title=&#8221;2. Quais s\u00e3o as percentagens de desconto?&#8221; toggle_icon=&#8221;&#x22;||divi||400&#8243; open_toggle_icon=&#8221;&#x21;||divi||400&#8243; _builder_version=&#8221;4.27.4&#8243; _module_preset=&#8221;default&#8221; global_colors_info=&#8221;{}&#8221;]<\/p>\n<p>Ao realizar uma compra de 25 latas, ir\u00e1 obter um desconto de 5% na primeira compra do m\u00eas seguinte.<br \/>Numa compra de 50 latas, esse desconto ser\u00e1 de 10%.<br \/>Ao encomendar 100 latas obter\u00e1 um desconto de 15%<\/p>\n<p>[\/et_pb_toggle][et_pb_toggle title=&#8221;3. Como posso encomendar?&#8221; toggle_icon=&#8221;&#x22;||divi||400&#8243; open_toggle_icon=&#8221;&#x21;||divi||400&#8243; _builder_version=&#8221;4.27.4&#8243; _module_preset=&#8221;default&#8221; global_colors_info=&#8221;{}&#8221;]<\/p>\n<p>Entrar em contacto por um dos nossos canais ( WhatsApp, Email, Redes Sociais, &#8230; )<br \/>Escolher a tipologia de caixa &#8211; 25, 50 ou 100.<br \/>Escolher os produtos para completar a mesma &#8211; m\u00ednimo de 5 latas por produto, pode escolher v\u00e1rias ou completar caixas apenas com a sua refer\u00eancia preferida!<br \/>Preencher as informa\u00e7\u00f5es de entrega e fatura\u00e7\u00e3o.<br \/>Ap\u00f3s o pagamento, ir\u00e1 receber todas as informa\u00e7\u00f5es relativas \u00e0 sua encomenda!<\/p>\n<p>[\/et_pb_toggle][et_pb_toggle title=&#8221;4. Tenho quantidade m\u00ednima para encomendar?&#8221; toggle_icon=&#8221;&#x22;||divi||400&#8243; open_toggle_icon=&#8221;&#x21;||divi||400&#8243; _builder_version=&#8221;4.27.4&#8243; _module_preset=&#8221;default&#8221; global_colors_info=&#8221;{}&#8221;]<\/p>\n<p>As nossas caixas possuem uma capacidade para 25, 50 ou 100 latas, sendo que o n\u00famero m\u00ednimo de latas para uma encomenda \u00e9 de 25. <br \/>Existe um m\u00ednimo para 5 latas por produto, e a possibilidade de escolha de v\u00e1rios produtos ou de um s\u00f3.<\/p>\n<p>[\/et_pb_toggle][et_pb_toggle title=&#8221;5. O desconto que est\u00e1 contemplado pode ser acumulado?&#8221; toggle_icon=&#8221;&#x22;||divi||400&#8243; open_toggle_icon=&#8221;&#x21;||divi||400&#8243; _builder_version=&#8221;4.27.4&#8243; _module_preset=&#8221;default&#8221; global_colors_info=&#8221;{}&#8221;]<\/p>\n<p>O desconto em si n\u00e3o \u00e9 acumul\u00e1vel, no entanto o n\u00famero de latas encomendadas s\u00e3o! <br \/>Se o cliente realizar duas encomendas de 50 latas no mesmo m\u00eas, ir\u00e1 usufruir do desconto tabelado para 100 latas.<\/p>\n<p>[\/et_pb_toggle][et_pb_toggle title=&#8221;6. Quais s\u00e3o as taxas de envio?&#8221; toggle_icon=&#8221;&#x22;||divi||400&#8243; open_toggle_icon=&#8221;&#x21;||divi||400&#8243; _builder_version=&#8221;4.27.4&#8243; _module_preset=&#8221;default&#8221; global_colors_info=&#8221;{}&#8221;]<\/p>\n<p><strong>Em m\u00e3os &#8211; Grande Porto<\/strong><br \/>25 Latas &#8211; 3,50 \u20ac<br \/>50 Latas &#8211; 5,50 \u20ac<br \/>100 Latas &#8211; 7,50 \u20ac<\/p>\n<p><strong>Envio &#8211; Restantes \u00c1reas de Portugal<\/strong><br \/>25 Latas &#8211; 5,50 \u20ac<br \/>50 Latas &#8211; 7,50 \u20ac<br \/>100 Latas &#8211; 9,50 \u20ac<\/p>\n<p>[\/et_pb_toggle][\/et_pb_column][\/et_pb_row][\/et_pb_section]<\/p>\n","protected":false},"excerpt":{"rendered":"<p>Usufrua de todas as vantagens do mundo de clientes Paralelo!Como cliente Paralelo, quanto mais encomendar, mais ter\u00e1 a ganhar! Por cada encomenda que fizer ir\u00e1 beneficiar de uma percentagem de desconto na primeira encomenda do m\u00eas seguinte. 25 latas &#8211; 5% de desconto 50 latas &#8211; 10% de desconto 100 latas &#8211; 15% de descontoAo [&hellip;]<\/p>\n","protected":false},"author":3,"featured_media":0,"parent":0,"menu_order":0,"comment_status":"closed","ping_status":"closed","template":"","meta":{"_et_pb_use_builder":"on","_et_pb_old_content":"","_et_gb_content_width":"","footnotes":""},"class_list":["post-165","page","type-page","status-publish","hentry"],"_links":{"self":[{"href":"https:\/\/paralelo.pt\/index.php\/wp-json\/wp\/v2\/pages\/165","targetHints":{"allow":["GET"]}}],"collection":[{"href":"https:\/\/paralelo.pt\/index.php\/wp-json\/wp\/v2\/pages"}],"about":[{"href":"https:\/\/paralelo.pt\/index.php\/wp-json\/wp\/v2\/types\/page"}],"author":[{"embeddable":true,"href":"https:\/\/paralelo.pt\/index.php\/wp-json\/wp\/v2\/users\/3"}],"replies":[{"embeddable":true,"href":"https:\/\/paralelo.pt\/index.php\/wp-json\/wp\/v2\/comments?post=165"}],"version-history":[{"count":24,"href":"https:\/\/paralelo.pt\/index.php\/wp-json\/wp\/v2\/pages\/165\/revisions"}],"predecessor-version":[{"id":415,"href":"https:\/\/paralelo.pt\/index.php\/wp-json\/wp\/v2\/pages\/165\/revisions\/415"}],"wp:attachment":[{"href":"https:\/\/paralelo.pt\/index.php\/wp-json\/wp\/v2\/media?parent=165"}],"curies":[{"name":"wp","href":"https:\/\/api.w.org\/{rel}","templated":true}]}}